{"id":51606,"date":"2020-12-05T11:50:42","date_gmt":"2020-12-05T10:50:42","guid":{"rendered":"https:\/\/www.fonderieariotti.com\/ueber-uns\/"},"modified":"2024-04-03T17:05:31","modified_gmt":"2024-04-03T15:05:31","slug":"ueber-uns","status":"publish","type":"page","link":"https:\/\/www.fonderieariotti.com\/de\/ueber-uns\/","title":{"rendered":"\u00dcber uns"},"content":{"rendered":"<p>[et_pb_section fb_built=&#8220;1&#8243; admin_label=&#8220;Chi siamo&#8220; _builder_version=&#8220;4.16&#8243; _module_preset=&#8220;default&#8220; background_enable_color=&#8220;off&#8220; custom_padding=&#8220;15px||15px||true|false&#8220; locked=&#8220;off&#8220; global_colors_info=&#8220;{}&#8220;][et_pb_row column_structure=&#8220;1_2,1_2&#8243; _builder_version=&#8220;4.16&#8243; _module_preset=&#8220;default&#8220; global_colors_info=&#8220;{}&#8220;][et_pb_column type=&#8220;1_2&#8243; _builder_version=&#8220;4.16&#8243; _module_preset=&#8220;default&#8220; global_colors_info=&#8220;{}&#8220;][et_pb_text _builder_version=&#8220;4.16&#8243; _module_preset=&#8220;d0b0140e-3965-40d6-b9e4-d7b1500cf5de&#8220; header_font=&#8220;Gothic A1|800|||||||&#8220; header_text_color=&#8220;#414141&#8243; header_font_size=&#8220;36px&#8220; header_2_font=&#8220;Gothic A1|800|||||||&#8220; header_2_font_size=&#8220;35px&#8220; custom_margin=&#8220;5%||||false|false&#8220; header_font_size_tablet=&#8220;&#8220; header_font_size_phone=&#8220;&#8220; header_font_size_last_edited=&#8220;on|phone&#8220; border_width_bottom=&#8220;2px&#8220; border_color_bottom=&#8220;#1a1a1a&#8220; global_colors_info=&#8220;{}&#8220;]<\/p>\n<h1>\u00dcber uns<\/h1>\n<p>[\/et_pb_text][et_pb_text _builder_version=&#8220;4.16&#8243; _module_preset=&#8220;017289bc-5321-4545-873c-15857c0e3521&#8243; header_2_font=&#8220;Gothic A1|700|||||||&#8220; header_2_font_size=&#8220;25px&#8220; header_2_line_height=&#8220;1.2em&#8220; custom_margin=&#8220;||0px||false|false&#8220; custom_padding=&#8220;||||false|false&#8220; header_2_font_size_tablet=&#8220;&#8220; header_2_font_size_phone=&#8220;&#8220; header_2_font_size_last_edited=&#8220;on|desktop&#8220; global_colors_info=&#8220;{}&#8220;]<\/p>\n<h2>Ein Familienunternehmen mit mehr als einem Jahrhundert Geschichte und Erfahrung<\/h2>\n<p>[\/et_pb_text][et_pb_text _builder_version=&#8220;4.16&#8243; _module_preset=&#8220;017289bc-5321-4545-873c-15857c0e3521&#8243; text_font=&#8220;Gothic A1|300|||||||&#8220; text_text_color=&#8220;#646565&#8243; text_font_size=&#8220;17px&#8220; text_line_height=&#8220;1.5em&#8220; custom_padding=&#8220;|20px|||false|false&#8220; global_colors_info=&#8220;{}&#8220;]<\/p>\n<p>Wir sind seit 1910 in der Gie\u00dfereibranche t\u00e4tig, harte und smarte Arbeiter, die sich leidenschaftlich f\u00fcr ein Handwerk einsetzen, das sich im Laufe der Zeit entwickelt und Tradition, Technologie und Entwicklung miteinander verbindet. Unser Unternehmen befindet sich in Adro, in der Provinz Brescia, im industriellen Herzen Norditaliens, in einer der am weitesten entwickelten und technologisch fortschrittlichsten Regionen Europas.<\/p>\n<p>[\/et_pb_text][et_pb_button button_url=&#8220;@ET-DC@eyJkeW5hbWljIjp0cnVlLCJjb250ZW50IjoicG9zdF9saW5rX3VybF9wYWdlIiwic2V0dGluZ3MiOnsicG9zdF9pZCI6IjE4NCJ9fQ==@&#8220; button_text=&#8220;Entdecken Sie unsere Geschichte&#8220; _builder_version=&#8220;4.16&#8243; _dynamic_attributes=&#8220;button_url&#8220; _module_preset=&#8220;default&#8220; custom_button=&#8220;on&#8220; button_text_size=&#8220;15px&#8220; button_text_color=&#8220;#000000&#8243; button_border_width=&#8220;0px&#8220; button_border_color=&#8220;rgba(0,0,0,0)&#8220; button_font=&#8220;Gothic A1|700|||||||&#8220; button_icon=&#8220;&#x35;||divi||400&#8243; button_icon_color=&#8220;#000000&#8243; custom_padding=&#8220;|||0px|false|false&#8220; global_colors_info=&#8220;{}&#8220; button_bg_color__hover_enabled=&#8220;on|hover&#8220; button_bg_color__hover=&#8220;rgba(0,0,0,0)&#8220; button_bg_enable_color__hover=&#8220;on&#8220;][\/et_pb_button][\/et_pb_column][et_pb_column type=&#8220;1_2&#8243; _builder_version=&#8220;4.16&#8243; _module_preset=&#8220;default&#8220; global_colors_info=&#8220;{}&#8220;][et_pb_image src=&#8220;https:\/\/www.fonderieariotti.com\/wp-content\/uploads\/2020\/11\/foundry-ariotti-about-01.jpg&#8220; title_text=&#8220;foundry-ariotti-about-01&#8243; _builder_version=&#8220;4.16&#8243; _module_preset=&#8220;default&#8220; global_colors_info=&#8220;{}&#8220;][\/et_pb_image][\/et_pb_column][\/et_pb_row][\/et_pb_section][et_pb_section fb_built=&#8220;1&#8243; admin_label=&#8220;urlo&#8220; _builder_version=&#8220;4.16&#8243; _module_preset=&#8220;default&#8220; background_color=&#8220;#2a2a2a&#8220; locked=&#8220;off&#8220; global_colors_info=&#8220;{}&#8220;][et_pb_row _builder_version=&#8220;4.16&#8243; _module_preset=&#8220;default&#8220; global_colors_info=&#8220;{}&#8220;][et_pb_column type=&#8220;4_4&#8243; _builder_version=&#8220;4.16&#8243; _module_preset=&#8220;default&#8220; global_colors_info=&#8220;{}&#8220;][et_pb_text _builder_version=&#8220;4.16&#8243; _module_preset=&#8220;default&#8220; text_font=&#8220;Gothic A1|700|||||||&#8220; text_text_color=&#8220;#ffffff&#8220; text_font_size=&#8220;36px&#8220; text_line_height=&#8220;1.3em&#8220; custom_margin_tablet=&#8220;||||false|false&#8220; custom_margin_phone=&#8220;&#8220; custom_margin_last_edited=&#8220;on|tablet&#8220; custom_padding=&#8220;30px|60px|30px|60px|true|true&#8220; custom_padding_tablet=&#8220;30px|20px|30px|20px|true|true&#8220; custom_padding_phone=&#8220;|5px||5px|true|true&#8220; custom_padding_last_edited=&#8220;on|tablet&#8220; text_text_color_tablet=&#8220;&#8220; text_text_color_phone=&#8220;&#8220; text_text_color_last_edited=&#8220;on|phone&#8220; text_font_size_tablet=&#8220;25px&#8220; text_font_size_phone=&#8220;20px&#8220; text_font_size_last_edited=&#8220;on|phone&#8220; border_width_top=&#8220;3px&#8220; border_color_top=&#8220;#ffffff&#8220; border_width_bottom=&#8220;3px&#8220; border_color_bottom=&#8220;#ffffff&#8220; global_colors_info=&#8220;{}&#8220;]<\/p>\n<p>Als Gie\u00dferei sind wir auf ein solides Netzwerk von internationalen Partnern angewiesen, um flexibel und schnell auf die M\u00e4rkte reagieren zu k\u00f6nnen.<\/p>\n<p>[\/et_pb_text][\/et_pb_column][\/et_pb_row][\/et_pb_section][et_pb_section fb_built=&#8220;1&#8243; admin_label=&#8220;Quattro generazioni&#8220; _builder_version=&#8220;4.16&#8243; _module_preset=&#8220;default&#8220; background_color=&#8220;#f6f6f6&#8243; custom_padding=&#8220;30px||30px||true|false&#8220; locked=&#8220;off&#8220; global_colors_info=&#8220;{}&#8220;][et_pb_row _builder_version=&#8220;4.16&#8243; _module_preset=&#8220;default&#8220; global_colors_info=&#8220;{}&#8220;][et_pb_column type=&#8220;4_4&#8243; _builder_version=&#8220;4.16&#8243; _module_preset=&#8220;default&#8220; global_colors_info=&#8220;{}&#8220;][et_pb_text _builder_version=&#8220;4.16&#8243; _module_preset=&#8220;d0b0140e-3965-40d6-b9e4-d7b1500cf5de&#8220; header_2_font=&#8220;Gothic A1|800|||||||&#8220; header_2_font_size=&#8220;35px&#8220; header_3_font=&#8220;|800|||||||&#8220; header_3_text_color=&#8220;#2a2a2a&#8220; header_3_font_size=&#8220;35px&#8220; header_3_line_height=&#8220;1.2em&#8220; custom_margin=&#8220;||||false|false&#8220; header_3_font_size_tablet=&#8220;&#8220; header_3_font_size_phone=&#8220;26px&#8220; header_3_font_size_last_edited=&#8220;on|desktop&#8220; border_color_bottom=&#8220;#1a1a1a&#8220; global_colors_info=&#8220;{}&#8220;]<\/p>\n<h3>Das Unternehmen wurde inzwischen von vier Generationen von Unternehmern in der Gie\u00dfereibranche gef\u00fchrt<\/h3>\n<p>[\/et_pb_text][et_pb_text _builder_version=&#8220;4.16&#8243; _module_preset=&#8220;017289bc-5321-4545-873c-15857c0e3521&#8243; text_font=&#8220;Gothic A1|300|||||||&#8220; text_text_color=&#8220;#646565&#8243; text_font_size=&#8220;17px&#8220; text_line_height=&#8220;1.5em&#8220; custom_padding=&#8220;||||false|false&#8220; global_colors_info=&#8220;{}&#8220;]<\/p>\n<p>In ihrer 110-j\u00e4hrigen Geschichte hat die Fonderie Ariotti viele Krisen und zwei Weltkriege \u00fcberstanden und blieb stets in den H\u00e4nden der Unternehmerfamilie Ariotti, wobei die Geschichte des Unternehmens zu Beginn des zwanzigsten Jahrhunderts mit dem Gr\u00fcnder Giuseppe (genannt Pin\u00ec) begann und mit Teobaldo und Cesare bis zur vierten Generation, heute vertreten durch die Br\u00fcder Roberto und Giorgio Ariotti, weitergef\u00fchrt wurde. Mit einer Produktionskapazit\u00e4t von 20.000 Tonnen pro Jahr umfasst der Betrieb eine Fl\u00e4che von 20.000 Quadratmetern und ist auf die Herstellung von Spezialgusseisenteilen (ferritischer Sph\u00e4roguss, perlitisches Gusseisen, Rohteile und Gusseisen f\u00fcr ADI) f\u00fcr Maschinen und Industrieanlagen spezialisiert, die f\u00fcr die Sektoren Energie, Werkzeugmaschinen, Pressen und Infrastruktur bestimmt sind.<\/p>\n<p>[\/et_pb_text][\/et_pb_column][\/et_pb_row][\/et_pb_section][et_pb_section fb_built=&#8220;1&#8243; admin_label=&#8220;Full Buy&#8220; _builder_version=&#8220;4.16&#8243; _module_preset=&#8220;default&#8220; custom_padding=&#8220;30px||30px||true|false&#8220; locked=&#8220;off&#8220; global_colors_info=&#8220;{}&#8220;][et_pb_row _builder_version=&#8220;4.16&#8243; _module_preset=&#8220;default&#8220; global_colors_info=&#8220;{}&#8220;][et_pb_column type=&#8220;4_4&#8243; _builder_version=&#8220;4.16&#8243; _module_preset=&#8220;default&#8220; global_colors_info=&#8220;{}&#8220;][et_pb_text _builder_version=&#8220;4.16&#8243; _module_preset=&#8220;d0b0140e-3965-40d6-b9e4-d7b1500cf5de&#8220; header_2_font=&#8220;Gothic A1|800|||||||&#8220; header_2_font_size=&#8220;35px&#8220; header_3_font=&#8220;|800|||||||&#8220; header_3_text_color=&#8220;#2a2a2a&#8220; header_3_font_size=&#8220;35px&#8220; header_3_line_height=&#8220;1.2em&#8220; custom_margin=&#8220;||||false|false&#8220; header_3_font_size_tablet=&#8220;&#8220; header_3_font_size_phone=&#8220;26px&#8220; header_3_font_size_last_edited=&#8220;on|desktop&#8220; border_color_bottom=&#8220;#1a1a1a&#8220; global_colors_info=&#8220;{}&#8220;]<\/p>\n<h3>Ein hervorragender Full-Buy-Service, der von der F&amp;E-Abteilung unterst\u00fctzt wird<\/h3>\n<p>[\/et_pb_text][et_pb_text _builder_version=&#8220;4.16&#8243; _module_preset=&#8220;017289bc-5321-4545-873c-15857c0e3521&#8243; text_font=&#8220;Gothic A1|300|||||||&#8220; text_text_color=&#8220;#646565&#8243; text_font_size=&#8220;17px&#8220; text_line_height=&#8220;1.5em&#8220; custom_padding=&#8220;||||false|false&#8220; global_colors_info=&#8220;{}&#8220;]<\/p>\n<p>Das besondere Merkmal der Fonderie Ariotti besteht darin, den Kunden einen schl\u00fcsselfertigen Full-Buy-Service anzubieten: vom Co-Design bis zum Guss, von der mechanischen Bearbeitung bis zur Zeiss-Ma\u00dfmessung und -bescheinigung- so entstehen komplexe Bauteile mit bis zu 80 Tonnen, die sofort roh als auch montagefertig geliefert werden k\u00f6nnen.<\/p>\n<p>In den letzten Jahren haben wir viel in die Schaffung einer wichtigen Forschungs- und Entwicklungsabteilung inverstiert, um die Materialien zu erforschen und wissenschaftlich zu charakterisieren.<\/p>\n<p>[\/et_pb_text][\/et_pb_column][\/et_pb_row][\/et_pb_section][et_pb_section fb_built=&#8220;1&#8243; _builder_version=&#8220;4.16&#8243; _module_preset=&#8220;default&#8220; background_color=&#8220;rgba(0,0,0,0)&#8220; custom_padding=&#8220;40px||40px||true|&#8220; locked=&#8220;off&#8220; global_colors_info=&#8220;{}&#8220;][et_pb_row _builder_version=&#8220;4.24.2&#8243; _module_preset=&#8220;8f5caf3a-c4ad-452c-a80a-e460c1e82189&#8243; global_colors_info=&#8220;{}&#8220;][et_pb_column type=&#8220;4_4&#8243; _builder_version=&#8220;4.24.2&#8243; _module_preset=&#8220;default&#8220; global_colors_info=&#8220;{}&#8220;][et_pb_text _builder_version=&#8220;4.24.2&#8243; _module_preset=&#8220;5ad2a23e-0098-404b-9529-baf217bb1bed&#8220; link_option_url=&#8220;https:\/\/www.fonderieariotti.com\/wp-content\/uploads\/Mn047-06-R8-Politica.pdf&#8220; global_colors_info=&#8220;{}&#8220;]<\/p>\n<p>Unternehmenspolitik<\/p>\n<p>[\/et_pb_text][\/et_pb_column][\/et_pb_row][et_pb_row column_structure=&#8220;1_2,1_2&#8243; _builder_version=&#8220;4.24.2&#8243; _module_preset=&#8220;8f5caf3a-c4ad-452c-a80a-e460c1e82189&#8243; global_colors_info=&#8220;{}&#8220;][et_pb_column type=&#8220;1_2&#8243; _builder_version=&#8220;4.24.2&#8243; _module_preset=&#8220;default&#8220; global_colors_info=&#8220;{}&#8220;][et_pb_text _builder_version=&#8220;4.24.2&#8243; _module_preset=&#8220;5ad2a23e-0098-404b-9529-baf217bb1bed&#8220; link_option_url=&#8220;https:\/\/www.fonderieariotti.com\/wp-content\/uploads\/Doc-01-SPA-CodeofEthics-2023-12-19.pdf&#8220; global_colors_info=&#8220;{}&#8220;]<\/p>\n<p style=\"text-align: center;\">Ethischer Kodex &#8211; Fonderie Ariotti SpA<\/p>\n<p>[\/et_pb_text][\/et_pb_column][et_pb_column type=&#8220;1_2&#8243; _builder_version=&#8220;4.24.2&#8243; _module_preset=&#8220;default&#8220; global_colors_info=&#8220;{}&#8220;][et_pb_text _builder_version=&#8220;4.24.2&#8243; _module_preset=&#8220;5ad2a23e-0098-404b-9529-baf217bb1bed&#8220; link_option_url=&#8220;https:\/\/www.fonderieariotti.com\/wp-content\/uploads\/Doc-02-SPA-OrganisationalModel231-2023-12-19.pdf&#8220; global_colors_info=&#8220;{}&#8220;]<\/p>\n<p style=\"text-align: center;\">Organisationsmodell &#8211; Fonderie Ariotti SpA<\/p>\n<p>[\/et_pb_text][\/et_pb_column][\/et_pb_row][et_pb_row column_structure=&#8220;1_2,1_2&#8243; _builder_version=&#8220;4.24.2&#8243; _module_preset=&#8220;8f5caf3a-c4ad-452c-a80a-e460c1e82189&#8243; global_colors_info=&#8220;{}&#8220;][et_pb_column type=&#8220;1_2&#8243; _builder_version=&#8220;4.24.2&#8243; _module_preset=&#8220;default&#8220; global_colors_info=&#8220;{}&#8220;][et_pb_text _builder_version=&#8220;4.24.2&#8243; _module_preset=&#8220;5ad2a23e-0098-404b-9529-baf217bb1bed&#8220; link_option_url=&#8220;https:\/\/www.fonderieariotti.com\/wp-content\/uploads\/Doc-01-SRL-CodeofEthics-2023-12-19.pdf&#8220; global_colors_info=&#8220;{}&#8220;]<\/p>\n<p>Ethischer Kodex &#8211; Ariotti Fonderie Srl<\/p>\n<p>[\/et_pb_text][\/et_pb_column][et_pb_column type=&#8220;1_2&#8243; _builder_version=&#8220;4.24.2&#8243; _module_preset=&#8220;default&#8220; global_colors_info=&#8220;{}&#8220;][et_pb_text _builder_version=&#8220;4.24.2&#8243; _module_preset=&#8220;5ad2a23e-0098-404b-9529-baf217bb1bed&#8220; link_option_url=&#8220;https:\/\/www.fonderieariotti.com\/wp-content\/uploads\/Doc-02-SRL-OrganisationalModel231-2023-12-19.pdf&#8220; global_colors_info=&#8220;{}&#8220;]<\/p>\n<p>Organisationsmodell &#8211; Ariotti Fonderie Srl<\/p>\n<p>[\/et_pb_text][\/et_pb_column][\/et_pb_row][et_pb_row column_structure=&#8220;1_2,1_2&#8243; _builder_version=&#8220;4.24.2&#8243; _module_preset=&#8220;8f5caf3a-c4ad-452c-a80a-e460c1e82189&#8243; global_colors_info=&#8220;{}&#8220;][et_pb_column type=&#8220;1_2&#8243; _builder_version=&#8220;4.24.2&#8243; _module_preset=&#8220;default&#8220; global_colors_info=&#8220;{}&#8220;][et_pb_text _builder_version=&#8220;4.24.3&#8243; _module_preset=&#8220;5ad2a23e-0098-404b-9529-baf217bb1bed&#8220; link_option_url=&#8220;https:\/\/www.fonderieariotti.com\/wp-content\/uploads\/doc-05-it-nformativa-videosorveglianza-srl.pdf&#8220; hover_enabled=&#8220;0&#8243; global_colors_info=&#8220;{}&#8220; sticky_enabled=&#8220;0&#8243;]<\/p>\n<p>Video\u00fcberwachung &#8211; Ariotti Fonderie Srl<\/p>\n<p>[\/et_pb_text][\/et_pb_column][et_pb_column type=&#8220;1_2&#8243; _builder_version=&#8220;4.24.2&#8243; _module_preset=&#8220;default&#8220; global_colors_info=&#8220;{}&#8220;][et_pb_text _builder_version=&#8220;4.24.3&#8243; _module_preset=&#8220;5ad2a23e-0098-404b-9529-baf217bb1bed&#8220; link_option_url=&#8220;https:\/\/www.fonderieariotti.com\/wp-content\/uploads\/doc-05-it-informativa-videosorveglianza-spa.pdf&#8220; hover_enabled=&#8220;0&#8243; global_colors_info=&#8220;{}&#8220; sticky_enabled=&#8220;0&#8243;]<\/p>\n<p>Video\u00fcberwachung &#8211; Fonderie Ariotti SpA<\/p>\n<p>[\/et_pb_text][\/et_pb_column][\/et_pb_row][et_pb_row _builder_version=&#8220;4.24.2&#8243; _module_preset=&#8220;8f5caf3a-c4ad-452c-a80a-e460c1e82189&#8243; global_colors_info=&#8220;{}&#8220;][et_pb_column type=&#8220;4_4&#8243; _builder_version=&#8220;4.24.2&#8243; _module_preset=&#8220;default&#8220; global_colors_info=&#8220;{}&#8220;][et_pb_text _builder_version=&#8220;4.24.2&#8243; _module_preset=&#8220;5ad2a23e-0098-404b-9529-baf217bb1bed&#8220; link_option_url=&#8220;https:\/\/www.fonderieariotti.com\/wp-content\/uploads\/DocWB-01-2023-02-22-ComunicazioneWhistleblowing.pdf&#8220; global_colors_info=&#8220;{}&#8220;]<\/p>\n<p>Informationen zum Whistleblowing<\/p>\n<p>[\/et_pb_text][\/et_pb_column][\/et_pb_row][\/et_pb_section][et_pb_section fb_built=&#8220;1&#8243; admin_label=&#8220;sostegno territori&#8220; _builder_version=&#8220;4.16&#8243; _module_preset=&#8220;default&#8220; global_colors_info=&#8220;{}&#8220;][et_pb_row _builder_version=&#8220;4.16&#8243; _module_preset=&#8220;default&#8220; global_colors_info=&#8220;{}&#8220;][et_pb_column type=&#8220;4_4&#8243; _builder_version=&#8220;4.16&#8243; _module_preset=&#8220;default&#8220; global_colors_info=&#8220;{}&#8220;][et_pb_text _builder_version=&#8220;4.16&#8243; _module_preset=&#8220;d0b0140e-3965-40d6-b9e4-d7b1500cf5de&#8220; header_2_font=&#8220;Gothic A1|800|||||||&#8220; header_2_font_size=&#8220;35px&#8220; header_3_font=&#8220;|800|||||||&#8220; header_3_text_color=&#8220;#2a2a2a&#8220; header_3_font_size=&#8220;35px&#8220; header_3_line_height=&#8220;1.2em&#8220; custom_margin=&#8220;||||false|false&#8220; header_3_font_size_tablet=&#8220;&#8220; header_3_font_size_phone=&#8220;26px&#8220; header_3_font_size_last_edited=&#8220;on|desktop&#8220; border_color_bottom=&#8220;#1a1a1a&#8220; global_colors_info=&#8220;{}&#8220;]<\/p>\n<h2>Fonderie Ariotti unterst\u00fctzt die Kultur und das Gebiet<\/h2>\n<p>[\/et_pb_text][et_pb_text _builder_version=&#8220;4.16&#8243; _module_preset=&#8220;017289bc-5321-4545-873c-15857c0e3521&#8243; text_font=&#8220;Gothic A1|300|||||||&#8220; text_text_color=&#8220;#646565&#8243; text_font_size=&#8220;17px&#8220; text_line_height=&#8220;1.5em&#8220; custom_padding=&#8220;||||false|false&#8220; global_colors_info=&#8220;{}&#8220;]<\/p>\n<p>Wir glauben, dass die Wertsteigerung und die Unterst\u00fctzung des Gebietes, der Forschung und der Kultur eine Pflicht und ein Stolz sind. Aus diesem Grund sind wir jedes Jahr mit Spenden an verschiedene Wohlt\u00e4tigkeitsorganisationen, humanit\u00e4re, soziale und kulturelle Vereinigungen aktiv, insbesondere in einer Zeit der Schwierigkeiten, in der wir uns jetzt aufgrund von Covid19 befinden.<br \/>Unter diesen sind die Hauptverb\u00e4nde:<\/p>\n<p>[\/et_pb_text][\/et_pb_column][\/et_pb_row][et_pb_row column_structure=&#8220;1_2,1_2&#8243; _builder_version=&#8220;4.16&#8243; _module_preset=&#8220;default&#8220; global_colors_info=&#8220;{}&#8220;][et_pb_column type=&#8220;1_2&#8243; _builder_version=&#8220;4.16&#8243; _module_preset=&#8220;default&#8220; global_colors_info=&#8220;{}&#8220;][et_pb_image src=&#8220;https:\/\/www.fonderieariotti.com\/wp-content\/uploads\/2020\/11\/brescia-musei.jpg&#8220; title_text=&#8220;brescia-musei&#8220; url=&#8220;https:\/\/www.bresciamusei.com\/&#8220; url_new_window=&#8220;on&#8220; align=&#8220;center&#8220; _builder_version=&#8220;4.16&#8243; _module_preset=&#8220;default&#8220; width=&#8220;70%&#8220; global_colors_info=&#8220;{}&#8220;][\/et_pb_image][\/et_pb_column][et_pb_column type=&#8220;1_2&#8243; _builder_version=&#8220;4.16&#8243; _module_preset=&#8220;default&#8220; global_colors_info=&#8220;{}&#8220;][et_pb_text _builder_version=&#8220;4.16&#8243; _module_preset=&#8220;017289bc-5321-4545-873c-15857c0e3521&#8243; text_font=&#8220;Gothic A1|300|||||||&#8220; text_text_color=&#8220;#646565&#8243; text_font_size=&#8220;17px&#8220; text_line_height=&#8220;1.5em&#8220; custom_padding=&#8220;||||false|false&#8220; global_colors_info=&#8220;{}&#8220;]<\/p>\n<p>Brescia Musei hat in diesem Jahr das wichtige Projekt \u201eAlleanza per la Cultura\u201c (Allianz f\u00fcr Kultur) eingef\u00fchrt, das das k\u00fcnstlerische Erbe, die Geschichte und die Kultur unserer Stadt f\u00f6rdert. Im Mittelpunkt des Projekts steht die Restaurierung des historischen Bronzegusses der \u201eVittoria Alata\u201c (gefl\u00fcgelter Sieg), Symbol von Brescia, und Erh\u00f6hung des k\u00fcnstlerischen Aspekts der Gie\u00dferei.<\/p>\n<p>[\/et_pb_text][\/et_pb_column][\/et_pb_row][et_pb_row _builder_version=&#8220;4.16&#8243; _module_preset=&#8220;default&#8220; global_colors_info=&#8220;{}&#8220;][et_pb_column type=&#8220;4_4&#8243; _builder_version=&#8220;4.16&#8243; _module_preset=&#8220;default&#8220; global_colors_info=&#8220;{}&#8220;][et_pb_text _builder_version=&#8220;4.16&#8243; _module_preset=&#8220;017289bc-5321-4545-873c-15857c0e3521&#8243; text_font=&#8220;Gothic A1|300|||||||&#8220; text_text_color=&#8220;#646565&#8243; text_font_size=&#8220;17px&#8220; text_line_height=&#8220;1.5em&#8220; custom_padding=&#8220;||||false|false&#8220; global_colors_info=&#8220;{}&#8220;]<\/p>\n<p style=\"text-align: center;\"><strong>Weitere von Fonderie Ariotti unterst\u00fctzte Projekte:<\/strong><\/p>\n<p>[\/et_pb_text][\/et_pb_column][\/et_pb_row][et_pb_row column_structure=&#8220;1_4,1_4,1_4,1_4&#8243; make_equal=&#8220;on&#8220; _builder_version=&#8220;4.22.2&#8243; _module_preset=&#8220;default&#8220; custom_css_main_element=&#8220;align-items: center;||display: flex;&#8220; global_colors_info=&#8220;{}&#8220;][et_pb_column type=&#8220;1_4&#8243; _builder_version=&#8220;4.16&#8243; _module_preset=&#8220;default&#8220; global_colors_info=&#8220;{}&#8220;][et_pb_image src=&#8220;https:\/\/www.fonderieariotti.com\/wp-content\/uploads\/2020\/11\/zikomo.png&#8220; title_text=&#8220;zikomo&#8220; url=&#8220;http:\/\/www.zikomomalawi.org\/&#8220; url_new_window=&#8220;on&#8220; align=&#8220;center&#8220; _builder_version=&#8220;4.16&#8243; _module_preset=&#8220;default&#8220; max_width=&#8220;200px&#8220; global_colors_info=&#8220;{}&#8220;][\/et_pb_image][\/et_pb_column][et_pb_column type=&#8220;1_4&#8243; _builder_version=&#8220;4.16&#8243; _module_preset=&#8220;default&#8220; global_colors_info=&#8220;{}&#8220;][et_pb_image src=&#8220;https:\/\/www.fonderieariotti.com\/wp-content\/uploads\/2020\/11\/fai.jpg&#8220; title_text=&#8220;Stampa&#8220; url=&#8220;https:\/\/www.fondoambiente.it&#8220; url_new_window=&#8220;on&#8220; align=&#8220;center&#8220; _builder_version=&#8220;4.16&#8243; _module_preset=&#8220;default&#8220; max_height=&#8220;120px&#8220; global_colors_info=&#8220;{}&#8220;][\/et_pb_image][\/et_pb_column][et_pb_column type=&#8220;1_4&#8243; _builder_version=&#8220;4.16&#8243; _module_preset=&#8220;default&#8220; global_colors_info=&#8220;{}&#8220;][et_pb_image src=&#8220;https:\/\/www.fonderieariotti.com\/wp-content\/uploads\/Logo-un-vacino-per-tutti.jpg&#8220; alt=&#8220;Logo-progetto-beneficenza&#8220; title_text=&#8220;Logo-un-vacino-per-tutti&#8220; url=&#8220;https:\/\/www.fonderieariotti.com\/wp-content\/uploads\/brochure-un-vacino-per-tutti.pdf&#8220; url_new_window=&#8220;on&#8220; align=&#8220;center&#8220; admin_label=&#8220;in vacino per tutti&#8220; _builder_version=&#8220;4.16&#8243; _module_preset=&#8220;default&#8220; max_width=&#8220;200px&#8220; global_colors_info=&#8220;{}&#8220;][\/et_pb_image][\/et_pb_column][et_pb_column type=&#8220;1_4&#8243; _builder_version=&#8220;4.16&#8243; _module_preset=&#8220;default&#8220; global_colors_info=&#8220;{}&#8220;][et_pb_image src=&#8220;https:\/\/www.fonderieariotti.com\/wp-content\/uploads\/logo-pallacanestro-brescia.jpg&#8220; alt=&#8220;Logo-progetto-beneficenza&#8220; title_text=&#8220;logo-pallacanestro-brescia&#8220; url=&#8220;https:\/\/pallacanestrobrescia.it\/&#8220; url_new_window=&#8220;on&#8220; align=&#8220;center&#8220; admin_label=&#8220;in vacino per tutti&#8220; _builder_version=&#8220;4.22.2&#8243; _module_preset=&#8220;default&#8220; max_width=&#8220;150px&#8220; global_colors_info=&#8220;{}&#8220;][\/et_pb_image][\/et_pb_column][\/et_pb_row][\/et_pb_section]<\/p>\n","protected":false},"excerpt":{"rendered":"<p>\u00dcber unsEin Familienunternehmen mit mehr als einem Jahrhundert Geschichte und ErfahrungWir sind seit 1910 in der Gie\u00dfereibranche t\u00e4tig, harte und smarte Arbeiter, die sich leidenschaftlich f\u00fcr ein Handwerk einsetzen, das sich im Laufe der Zeit entwickelt und Tradition, Technologie und Entwicklung miteinander verbindet. Unser Unternehmen befindet sich in Adro, in der Provinz Brescia, im industriellen Herzen Norditaliens, in einer der am weitesten entwickelten und technologisch fortschrittlichsten Regionen Europas.Als Gie\u00dferei sind wir auf ein solides Netzwerk von internationalen Partnern angewiesen, um flexibel und schnell auf die M\u00e4rkte reagieren zu k\u00f6nnen.Das Unternehmen wurde inzwischen von vier Generationen von Unternehmern in der Gie\u00dfereibranche gef\u00fchrtIn ihrer 110-j\u00e4hrigen Geschichte hat die Fonderie Ariotti viele Krisen und zwei Weltkriege \u00fcberstanden und blieb stets in den H\u00e4nden der Unternehmerfamilie Ariotti, wobei die Geschichte des Unternehmens zu Beginn des zwanzigsten Jahrhunderts mit dem Gr\u00fcnder Giuseppe (genannt Pin\u00ec) begann und mit Teobaldo und Cesare bis zur vierten Generation, heute vertreten durch die Br\u00fcder Roberto und Giorgio Ariotti, weitergef\u00fchrt wurde. Mit einer Produktionskapazit\u00e4t von 20.000 Tonnen pro Jahr umfasst der Betrieb eine Fl\u00e4che von 20.000 Quadratmetern und ist auf die Herstellung von Spezialgusseisenteilen (ferritischer Sph\u00e4roguss, perlitisches Gusseisen, Rohteile und Gusseisen f\u00fcr ADI) f\u00fcr Maschinen und Industrieanlagen spezialisiert, die f\u00fcr die [&hellip;]<\/p>\n","protected":false},"author":1,"featured_media":0,"parent":0,"menu_order":0,"comment_status":"closed","ping_status":"closed","template":"","meta":{"_et_pb_use_builder":"on","_et_pb_old_content":"","_et_gb_content_width":"","inline_featured_image":false,"footnotes":""},"class_list":["post-51606","page","type-page","status-publish","hentry"],"_links":{"self":[{"href":"https:\/\/www.fonderieariotti.com\/de\/wp-json\/wp\/v2\/pages\/51606","targetHints":{"allow":["GET"]}}],"collection":[{"href":"https:\/\/www.fonderieariotti.com\/de\/wp-json\/wp\/v2\/pages"}],"about":[{"href":"https:\/\/www.fonderieariotti.com\/de\/wp-json\/wp\/v2\/types\/page"}],"author":[{"embeddable":true,"href":"https:\/\/www.fonderieariotti.com\/de\/wp-json\/wp\/v2\/users\/1"}],"replies":[{"embeddable":true,"href":"https:\/\/www.fonderieariotti.com\/de\/wp-json\/wp\/v2\/comments?post=51606"}],"version-history":[{"count":63,"href":"https:\/\/www.fonderieariotti.com\/de\/wp-json\/wp\/v2\/pages\/51606\/revisions"}],"predecessor-version":[{"id":54656,"href":"https:\/\/www.fonderieariotti.com\/de\/wp-json\/wp\/v2\/pages\/51606\/revisions\/54656"}],"wp:attachment":[{"href":"https:\/\/www.fonderieariotti.com\/de\/wp-json\/wp\/v2\/media?parent=51606"}],"curies":[{"name":"wp","href":"https:\/\/api.w.org\/{rel}","templated":true}]}}