{"id":51716,"date":"2020-12-07T16:35:31","date_gmt":"2020-12-07T15:35:31","guid":{"rendered":"https:\/\/www.fonderieariotti.com\/giesserei-und-produktionsprozess\/entgratungs\/"},"modified":"2021-05-18T11:06:29","modified_gmt":"2021-05-18T09:06:29","slug":"entgratungs","status":"publish","type":"page","link":"https:\/\/www.fonderieariotti.com\/de\/giesserei-und-produktionsprozess\/entgratungs\/","title":{"rendered":"Entgratungs"},"content":{"rendered":"\n[et_pb_section fb_built=&#8220;1&#8243; custom_padding_last_edited=&#8220;off|desktop&#8220; admin_label=&#8220;hero&#8220; _builder_version=&#8220;4.7.1&#8243; background_enable_color=&#8220;off&#8220; use_background_color_gradient=&#8220;on&#8220; background_color_gradient_start=&#8220;rgba(0,0,0,0.26)&#8220; background_color_gradient_end=&#8220;rgba(117,117,117,0)&#8220; background_color_gradient_type=&#8220;radial&#8220; background_color_gradient_direction_radial=&#8220;top&#8220; background_color_gradient_end_position=&#8220;98%&#8220; background_color_gradient_overlays_image=&#8220;on&#8220; background_image=&#8220;https:\/\/www.fonderieariotti.com\/wp-content\/uploads\/2020\/11\/foundry-ariotti-deburring-hero.jpg&#8220; background_blend=&#8220;multiply&#8220; min_height=&#8220;700px&#8220; min_height_tablet=&#8220;&#8220; min_height_phone=&#8220;&#8220; min_height_last_edited=&#8220;on|tablet&#8220; height=&#8220;400px&#8220; custom_padding=&#8220;130px||130px||true|false&#8220; custom_padding_phone=&#8220;80px||80px||true&#8220; background_last_edited=&#8220;on|phone&#8220; background_color_gradient_start_tablet=&#8220;rgba(0,0,0,0.36)&#8220; background_color_gradient_direction_radial_tablet=&#8220;left&#8220; background_color_gradient_direction_radial_phone=&#8220;bottom&#8220; background_color_gradient_end_position_tablet=&#8220;100%&#8220;][\/et_pb_section][et_pb_section fb_built=&#8220;1&#8243; admin_label=&#8220;Ambiente e Sicurezza&#8220; _builder_version=&#8220;4.7.1&#8243; _module_preset=&#8220;default&#8220; background_enable_color=&#8220;off&#8220; custom_padding=&#8220;15px||15px||true|false&#8220; locked=&#8220;off&#8220; collapsed=&#8220;on&#8220;][et_pb_row custom_padding_last_edited=&#8220;on|phone&#8220; _builder_version=&#8220;4.7.1&#8243; _module_preset=&#8220;default&#8220; custom_margin=&#8220;0px||0px||true|false&#8220; custom_padding=&#8220;0px|20%|0px||false|false&#8220; custom_padding_tablet=&#8220;&#8220; custom_padding_phone=&#8220;|0%|||false|false&#8220;][et_pb_column type=&#8220;4_4&#8243; _builder_version=&#8220;4.7.1&#8243; _module_preset=&#8220;default&#8220;][et_pb_text admin_label=&#8220;grandi getti&#8220; _builder_version=&#8220;4.7.1&#8243; _module_preset=&#8220;d0b0140e-3965-40d6-b9e4-d7b1500cf5de&#8220; header_font=&#8220;Gothic A1|800|||||||&#8220; header_text_color=&#8220;#414141&#8243; header_font_size=&#8220;36px&#8220; header_2_font=&#8220;Gothic A1|800|||||||&#8220; header_2_font_size=&#8220;35px&#8220; custom_margin=&#8220;5%||||false|false&#8220; header_font_size_tablet=&#8220;&#8220; header_font_size_phone=&#8220;&#8220; header_font_size_last_edited=&#8220;on|phone&#8220; border_width_bottom=&#8220;2px&#8220; border_color_bottom=&#8220;#1a1a1a&#8220; locked=&#8220;off&#8220;]<h1>Entgratungs<\/h1>[\/et_pb_text][et_pb_text _builder_version=&#8220;4.7.1&#8243; _module_preset=&#8220;017289bc-5321-4545-873c-15857c0e3521&#8243; header_2_font=&#8220;Gothic A1|700|||||||&#8220; header_2_font_size=&#8220;25px&#8220; header_2_line_height=&#8220;1.2em&#8220; custom_margin=&#8220;||0px||false|false&#8220; custom_padding=&#8220;||||false|false&#8220; header_2_font_size_tablet=&#8220;&#8220; header_2_font_size_phone=&#8220;20px&#8220; header_2_font_size_last_edited=&#8220;on|phone&#8220;]<h2>Eine interne Entgratungsabteilung zur Maximierung der Effizienz<\/h2>[\/et_pb_text][\/et_pb_column][\/et_pb_row][\/et_pb_section][et_pb_section fb_built=&#8220;1&#8243; admin_label=&#8220;ambiente sicurezza testo&#8220; _builder_version=&#8220;4.7.1&#8243; _module_preset=&#8220;default&#8220; custom_margin=&#8220;||||false|false&#8220; custom_padding=&#8220;0px||0px||false|false&#8220; locked=&#8220;off&#8220; collapsed=&#8220;on&#8220;][et_pb_row _builder_version=&#8220;4.7.1&#8243; _module_preset=&#8220;default&#8220; custom_margin=&#8220;0px||||false|false&#8220; custom_padding=&#8220;0px||||false|false&#8220;][et_pb_column type=&#8220;4_4&#8243; _builder_version=&#8220;4.7.1&#8243; _module_preset=&#8220;default&#8220;][et_pb_text _builder_version=&#8220;4.7.1&#8243; _module_preset=&#8220;017289bc-5321-4545-873c-15857c0e3521&#8243; text_font=&#8220;Gothic A1|300|||||||&#8220; text_text_color=&#8220;#646565&#8243; text_font_size=&#8220;17px&#8220; text_line_height=&#8220;1.5em&#8220; custom_margin=&#8220;||||false|false&#8220; custom_padding=&#8220;|20px|||false|false&#8220;]<p><strong>Die interne Entgratungsabteilung der Fonderie Ariotti besteht aus 6 geschlossenen und mit Absauganlage ausgestatteten Kabinen f\u00fcr manuelle Putzarbeiten und einem effizienten 2-Stationen-Clansmann-Manipulator<\/strong> mit Drehtischen f\u00fcr die schwierigsten Vorg\u00e4nge.<\/p>\r\n<p>Es handelt sich um eine strukturierte Abteilung, die uns erm\u00f6glicht, alle Vorg\u00e4nge innerhalb des Werks zu handhaben, die Effizienz zu maximieren, die Vorlaufzeiten zu verk\u00fcrzen und die Produktqualit\u00e4t zu kontrollieren.<br \/><strong>Alle manuellen Vorg\u00e4nge, die f\u00fcr unsere Produktion unerl\u00e4sslich sind, werden unter maximaler Sicherheit in Absaugkabinen durchgef\u00fchr<\/strong>t, und alle Bediener sind mit Vollschutzhelmen von 3M ausgestattet.<\/p>[\/et_pb_text][\/et_pb_column][\/et_pb_row][et_pb_row column_structure=&#8220;1_2,1_2&#8243; _builder_version=&#8220;4.7.1&#8243; _module_preset=&#8220;default&#8220; custom_margin=&#8220;||||false|false&#8220; custom_padding=&#8220;||||false|false&#8220;][et_pb_column type=&#8220;1_2&#8243; _builder_version=&#8220;4.7.1&#8243; _module_preset=&#8220;default&#8220; custom_padding=&#8220;||||false|true&#8220; custom_padding_tablet=&#8220;|2%||2%|false|true&#8220; custom_padding_phone=&#8220;|1%||1%|false|true&#8220; custom_padding_last_edited=&#8220;on|desktop&#8220;][et_pb_image src=&#8220;https:\/\/www.fonderieariotti.com\/wp-content\/uploads\/2020\/11\/foundry-ariotti-deburring-03.jpg&#8220; title_text=&#8220;foundry-ariotti-deburring-03&#8243; align=&#8220;center&#8220; _builder_version=&#8220;4.7.1&#8243; _module_preset=&#8220;default&#8220;][\/et_pb_image][\/et_pb_column][et_pb_column type=&#8220;1_2&#8243; _builder_version=&#8220;4.7.1&#8243; _module_preset=&#8220;default&#8220; custom_padding=&#8220;||||false|true&#8220; custom_padding_tablet=&#8220;|2%||2%|false|true&#8220; custom_padding_phone=&#8220;|1%||1%|false|true&#8220; custom_padding_last_edited=&#8220;on|phone&#8220;][et_pb_image src=&#8220;https:\/\/www.fonderieariotti.com\/wp-content\/uploads\/2020\/11\/foundry-ariotti-deburring-01.jpg&#8220; title_text=&#8220;foundry-ariotti-deburring-01&#8243; align=&#8220;center&#8220; _builder_version=&#8220;4.7.1&#8243; _module_preset=&#8220;default&#8220;][\/et_pb_image][\/et_pb_column][\/et_pb_row][\/et_pb_section][et_pb_section fb_built=&#8220;1&#8243; _builder_version=&#8220;4.7.1&#8243; _module_preset=&#8220;default&#8220; custom_margin=&#8220;0px||0px||false|false&#8220; custom_padding=&#8220;0px||0px||false|false&#8220; locked=&#8220;off&#8220;][et_pb_row _builder_version=&#8220;4.7.1&#8243; _module_preset=&#8220;default&#8220;][et_pb_column type=&#8220;4_4&#8243; _builder_version=&#8220;4.7.1&#8243; _module_preset=&#8220;default&#8220;][et_pb_text _builder_version=&#8220;4.7.1&#8243; _module_preset=&#8220;017289bc-5321-4545-873c-15857c0e3521&#8243; header_2_font=&#8220;Gothic A1|700|||||||&#8220; header_2_font_size=&#8220;25px&#8220; header_2_line_height=&#8220;1.2em&#8220; custom_margin=&#8220;||0px||false|false&#8220; custom_padding=&#8220;||||false|false&#8220; header_2_font_size_tablet=&#8220;&#8220; header_2_font_size_phone=&#8220;20px&#8220; header_2_font_size_last_edited=&#8220;on|phone&#8220;]<h2>Clansmann-Entgrat-Manipulator<\/h2>[\/et_pb_text][et_pb_text _builder_version=&#8220;4.7.1&#8243; _module_preset=&#8220;017289bc-5321-4545-873c-15857c0e3521&#8243; text_font=&#8220;Gothic A1|300|||||||&#8220; text_text_color=&#8220;#646565&#8243; text_font_size=&#8220;17px&#8220; text_line_height=&#8220;1.5em&#8220; custom_margin=&#8220;||||false|false&#8220; custom_padding=&#8220;|20px|||false|false&#8220;]<p>Der 2019 angeschaffte Entgrat-Manipulator von Clansman ist mit einer Spindelleistung von 75 kW und automatischer Steuerung aller Arbeitsachsen eines der modernsten und innovativsten Systeme in unserer Branche.<br \/><strong>Wir haben diesen Manipulator in enger Absprache mit dem Hersteller entwickelt und damit die Idee konkretisiert, die Arbeitsumgebung radikal zu verbessern<\/strong> und gleichzeitig eine hohe Produktivit\u00e4t zu gew\u00e4hrleisten.<br \/>Das System ist vollst\u00e4ndig in einer Kabine eingeschlossen, in der konstant die Luft abgesaugt wird, wodurch h\u00f6chste Sicherheitsstandards gew\u00e4hrleistet werden k\u00f6nnen.<\/p>[\/et_pb_text][\/et_pb_column][\/et_pb_row][et_pb_row column_structure=&#8220;1_2,1_2&#8243; _builder_version=&#8220;4.7.1&#8243; _module_preset=&#8220;default&#8220; custom_margin=&#8220;||||false|false&#8220; custom_padding=&#8220;||||false|false&#8220;][et_pb_column type=&#8220;1_2&#8243; _builder_version=&#8220;4.7.1&#8243; _module_preset=&#8220;default&#8220; custom_padding=&#8220;||||false|true&#8220; custom_padding_tablet=&#8220;|2%||2%|false|true&#8220; custom_padding_phone=&#8220;|1%||1%|false|true&#8220; custom_padding_last_edited=&#8220;on|desktop&#8220;][et_pb_image src=&#8220;https:\/\/www.fonderieariotti.com\/wp-content\/uploads\/2020\/11\/foundry-ariotti-deburring-04.jpg&#8220; title_text=&#8220;foundry-ariotti-deburring-04&#8243; align=&#8220;center&#8220; _builder_version=&#8220;4.7.1&#8243; _module_preset=&#8220;default&#8220;][\/et_pb_image][\/et_pb_column][et_pb_column type=&#8220;1_2&#8243; _builder_version=&#8220;4.7.1&#8243; _module_preset=&#8220;default&#8220; custom_padding=&#8220;||||false|true&#8220; custom_padding_tablet=&#8220;|2%||2%|false|true&#8220; custom_padding_phone=&#8220;|1%||1%|false|true&#8220; custom_padding_last_edited=&#8220;on|phone&#8220;][et_pb_image src=&#8220;https:\/\/www.fonderieariotti.com\/wp-content\/uploads\/2020\/11\/foundry-ariotti-finishing-services-06.jpg&#8220; title_text=&#8220;foundry-ariotti-finishing-services-06&#8243; align=&#8220;center&#8220; _builder_version=&#8220;4.7.1&#8243; _module_preset=&#8220;default&#8220;][\/et_pb_image][\/et_pb_column][\/et_pb_row][\/et_pb_section][et_pb_section fb_built=&#8220;1&#8243; _builder_version=&#8220;4.7.1&#8243; _module_preset=&#8220;default&#8220; custom_margin=&#8220;0px||||false|false&#8220; custom_padding=&#8220;0px||||false|false&#8220; locked=&#8220;off&#8220;][et_pb_row _builder_version=&#8220;4.7.1&#8243; _module_preset=&#8220;default&#8220;][et_pb_column type=&#8220;4_4&#8243; _builder_version=&#8220;4.7.1&#8243; _module_preset=&#8220;default&#8220;][et_pb_text _builder_version=&#8220;4.7.1&#8243; _module_preset=&#8220;017289bc-5321-4545-873c-15857c0e3521&#8243; header_2_font=&#8220;Gothic A1|700|||||||&#8220; header_2_font_size=&#8220;25px&#8220; header_2_line_height=&#8220;1.2em&#8220; custom_margin=&#8220;||0px||false|false&#8220; custom_padding=&#8220;||||false|false&#8220; header_2_font_size_tablet=&#8220;&#8220; header_2_font_size_phone=&#8220;20px&#8220; header_2_font_size_last_edited=&#8220;on|phone&#8220;]<h2>Sandstrahlen<\/h2>[\/et_pb_text][et_pb_text _builder_version=&#8220;4.7.1&#8243; _module_preset=&#8220;017289bc-5321-4545-873c-15857c0e3521&#8243; text_font=&#8220;Gothic A1|300|||||||&#8220; text_text_color=&#8220;#646565&#8243; text_font_size=&#8220;17px&#8220; text_line_height=&#8220;1.5em&#8220; custom_margin=&#8220;||||false|false&#8220; custom_padding=&#8220;|20px|||false|false&#8220;]<p><strong>Wir haben 4 Strahlanlagen<\/strong>, um unsere Produktionsanforderungen intern zu erf\u00fcllen und die Oberfl\u00e4chenqualit\u00e4t der Komponenten zu optimieren: eine speziell <strong>f\u00fcr gr\u00f6\u00dfere Gussteile bis zu 6 Metern, eine mit Durchgangshaken f\u00fcr mittelgro\u00dfe Gussteile bis zu 16 Tonnen<\/strong> und zwei in \u00dcbereinstimmung mit der mechanisierten Formanlage f\u00fcr kleine und mittlere Serienproduktionen mit Band und Korb.<\/p>[\/et_pb_text][\/et_pb_column][\/et_pb_row][et_pb_row column_structure=&#8220;1_2,1_2&#8243; _builder_version=&#8220;4.7.1&#8243; _module_preset=&#8220;default&#8220; custom_margin=&#8220;||||false|false&#8220; custom_padding=&#8220;||||false|false&#8220;][et_pb_column type=&#8220;1_2&#8243; _builder_version=&#8220;4.7.1&#8243; _module_preset=&#8220;default&#8220; custom_padding=&#8220;||||false|true&#8220; custom_padding_tablet=&#8220;|2%||2%|false|true&#8220; custom_padding_phone=&#8220;|1%||1%|false|true&#8220; custom_padding_last_edited=&#8220;on|desktop&#8220;][et_pb_image src=&#8220;https:\/\/www.fonderieariotti.com\/wp-content\/uploads\/2020\/11\/foundry-ariotti-deburring-05.jpg&#8220; title_text=&#8220;foundry-ariotti-deburring-05&#8243; align=&#8220;center&#8220; _builder_version=&#8220;4.7.1&#8243; _module_preset=&#8220;default&#8220;][\/et_pb_image][\/et_pb_column][et_pb_column type=&#8220;1_2&#8243; _builder_version=&#8220;4.7.1&#8243; _module_preset=&#8220;default&#8220; custom_padding=&#8220;||||false|true&#8220; custom_padding_tablet=&#8220;|2%||2%|false|true&#8220; custom_padding_phone=&#8220;|1%||1%|false|true&#8220; custom_padding_last_edited=&#8220;on|phone&#8220;][et_pb_image src=&#8220;https:\/\/www.fonderieariotti.com\/wp-content\/uploads\/2020\/11\/foundry-ariotti-deburring-02.jpg&#8220; title_text=&#8220;foundry-ariotti-deburring-02&#8243; align=&#8220;center&#8220; _builder_version=&#8220;4.7.1&#8243; _module_preset=&#8220;default&#8220;][\/et_pb_image][\/et_pb_column][\/et_pb_row][et_pb_row _builder_version=&#8220;4.7.1&#8243; _module_preset=&#8220;default&#8220; locked=&#8220;off&#8220;][et_pb_column type=&#8220;4_4&#8243; _builder_version=&#8220;4.7.1&#8243; _module_preset=&#8220;default&#8220;][et_pb_button button_url=&#8220;@ET-DC@eyJkeW5hbWljIjp0cnVlLCJjb250ZW50IjoicG9zdF9saW5rX3VybF9wYWdlIiwic2V0dGluZ3MiOnsicG9zdF9pZCI6IjE4NyJ9fQ==@&#8220; button_text=&#8220;Entdecken Sie die anderen Veredelungsdienstleistungen&#8220; button_alignment=&#8220;center&#8220; button_alignment_tablet=&#8220;center&#8220; button_alignment_phone=&#8220;&#8220; button_alignment_last_edited=&#8220;on|phone&#8220; _builder_version=&#8220;4.7.4&#8243; _module_preset=&#8220;default&#8220; custom_button=&#8220;on&#8220; button_text_size=&#8220;18px&#8220; button_text_color=&#8220;#f6f6f6&#8243; button_bg_color=&#8220;#414141&#8243; button_border_width=&#8220;0px&#8220; button_border_color=&#8220;rgba(0,0,0,0)&#8220; button_border_radius=&#8220;55px&#8220; custom_padding=&#8220;6px|80px|6px|80px|true|true&#8220; custom_padding_tablet=&#8220;&#8220; custom_padding_phone=&#8220;15px|40px|15px|40px|true|true&#8220; custom_padding_last_edited=&#8220;on|phone&#8220; hover_enabled=&#8220;0&#8243; button_text_size_tablet=&#8220;&#8220; button_text_size_phone=&#8220;15px&#8220; button_text_size_last_edited=&#8220;on|phone&#8220; locked=&#8220;off&#8220; _dynamic_attributes=&#8220;button_url&#8220; sticky_enabled=&#8220;0&#8243;][\/et_pb_button][\/et_pb_column][\/et_pb_row][\/et_pb_section]\n","protected":false},"excerpt":{"rendered":"<p>EntgratungsEine interne Entgratungsabteilung zur Maximierung der EffizienzDie interne Entgratungsabteilung der Fonderie Ariotti besteht aus 6 geschlossenen und mit Absauganlage ausgestatteten Kabinen f\u00fcr manuelle Putzarbeiten und einem effizienten 2-Stationen-Clansmann-Manipulator mit Drehtischen f\u00fcr die schwierigsten Vorg\u00e4nge. Es handelt sich um eine strukturierte Abteilung, die uns erm\u00f6glicht, alle Vorg\u00e4nge innerhalb des Werks zu handhaben, die Effizienz zu maximieren, die Vorlaufzeiten zu verk\u00fcrzen und die Produktqualit\u00e4t zu kontrollieren.Alle manuellen Vorg\u00e4nge, die f\u00fcr unsere Produktion unerl\u00e4sslich sind, werden unter maximaler Sicherheit in Absaugkabinen durchgef\u00fchrt, und alle Bediener sind mit Vollschutzhelmen von 3M ausgestattet.Clansmann-Entgrat-ManipulatorDer 2019 angeschaffte Entgrat-Manipulator von Clansman ist mit einer Spindelleistung von 75 kW und automatischer Steuerung aller Arbeitsachsen eines der modernsten und innovativsten Systeme in unserer Branche.Wir haben diesen Manipulator in enger Absprache mit dem Hersteller entwickelt und damit die Idee konkretisiert, die Arbeitsumgebung radikal zu verbessern und gleichzeitig eine hohe Produktivit\u00e4t zu gew\u00e4hrleisten.Das System ist vollst\u00e4ndig in einer Kabine eingeschlossen, in der konstant die Luft abgesaugt wird, wodurch h\u00f6chste Sicherheitsstandards gew\u00e4hrleistet werden k\u00f6nnen.SandstrahlenWir haben 4 Strahlanlagen, um unsere Produktionsanforderungen intern zu erf\u00fcllen und die Oberfl\u00e4chenqualit\u00e4t der Komponenten zu optimieren: eine speziell f\u00fcr gr\u00f6\u00dfere Gussteile bis zu 6 Metern, eine mit Durchgangshaken f\u00fcr mittelgro\u00dfe Gussteile bis zu 16 Tonnen und zwei in \u00dcbereinstimmung [&hellip;]<\/p>\n","protected":false},"author":1,"featured_media":0,"parent":51649,"menu_order":0,"comment_status":"closed","ping_status":"closed","template":"","meta":{"_et_pb_use_builder":"on","_et_pb_old_content":"","_et_gb_content_width":"","inline_featured_image":false,"footnotes":""},"class_list":["post-51716","page","type-page","status-publish","hentry"],"_links":{"self":[{"href":"https:\/\/www.fonderieariotti.com\/de\/wp-json\/wp\/v2\/pages\/51716","targetHints":{"allow":["GET"]}}],"collection":[{"href":"https:\/\/www.fonderieariotti.com\/de\/wp-json\/wp\/v2\/pages"}],"about":[{"href":"https:\/\/www.fonderieariotti.com\/de\/wp-json\/wp\/v2\/types\/page"}],"author":[{"embeddable":true,"href":"https:\/\/www.fonderieariotti.com\/de\/wp-json\/wp\/v2\/users\/1"}],"replies":[{"embeddable":true,"href":"https:\/\/www.fonderieariotti.com\/de\/wp-json\/wp\/v2\/comments?post=51716"}],"version-history":[{"count":1,"href":"https:\/\/www.fonderieariotti.com\/de\/wp-json\/wp\/v2\/pages\/51716\/revisions"}],"predecessor-version":[{"id":51717,"href":"https:\/\/www.fonderieariotti.com\/de\/wp-json\/wp\/v2\/pages\/51716\/revisions\/51717"}],"up":[{"embeddable":true,"href":"https:\/\/www.fonderieariotti.com\/de\/wp-json\/wp\/v2\/pages\/51649"}],"wp:attachment":[{"href":"https:\/\/www.fonderieariotti.com\/de\/wp-json\/wp\/v2\/media?parent=51716"}],"curies":[{"name":"wp","href":"https:\/\/api.w.org\/{rel}","templated":true}]}}