{"id":51749,"date":"2020-12-07T17:34:42","date_gmt":"2020-12-07T16:34:42","guid":{"rendered":"https:\/\/www.fonderieariotti.com\/referenz-sektoren\/"},"modified":"2021-05-11T17:02:19","modified_gmt":"2021-05-11T15:02:19","slug":"referenz-sektoren","status":"publish","type":"page","link":"https:\/\/www.fonderieariotti.com\/de\/referenz-sektoren\/","title":{"rendered":"Referenz-Sektoren"},"content":{"rendered":"\n[et_pb_section fb_built=&#8220;1&#8243; custom_padding_last_edited=&#8220;off|desktop&#8220; admin_label=&#8220;hero&#8220; _builder_version=&#8220;4.7.1&#8243; background_enable_color=&#8220;off&#8220; background_image=&#8220;https:\/\/www.fonderieariotti.com\/wp-content\/uploads\/2020\/11\/foundry-ariotti-Sectors-hero.jpg&#8220; background_blend=&#8220;multiply&#8220; min_height=&#8220;700px&#8220; min_height_tablet=&#8220;&#8220; min_height_phone=&#8220;&#8220; min_height_last_edited=&#8220;on|tablet&#8220; height=&#8220;400px&#8220; custom_padding=&#8220;130px||130px||true|false&#8220; custom_padding_phone=&#8220;80px||80px||true&#8220; background_last_edited=&#8220;on|desktop&#8220; use_background_color_gradient_tablet=&#8220;off&#8220; use_background_color_gradient_phone=&#8220;off&#8220; background_color_gradient_start_tablet=&#8220;rgba(0,0,0,0.36)&#8220; background_color_gradient_start_phone=&#8220;rgba(0,0,0,0.36)&#8220; background_color_gradient_end_phone=&#8220;rgba(117,117,117,0)&#8220; background_color_gradient_direction_radial_tablet=&#8220;left&#8220; background_color_gradient_direction_radial_phone=&#8220;bottom&#8220; background_color_gradient_end_position_tablet=&#8220;100%&#8220;][\/et_pb_section][et_pb_section fb_built=&#8220;1&#8243; admin_label=&#8220;Storia&#8220; _builder_version=&#8220;4.7.1&#8243; _module_preset=&#8220;default&#8220; background_enable_color=&#8220;off&#8220; custom_padding=&#8220;15px||15px||true|false&#8220; locked=&#8220;off&#8220; collapsed=&#8220;on&#8220;][et_pb_row custom_padding_last_edited=&#8220;on|phone&#8220; _builder_version=&#8220;4.7.1&#8243; _module_preset=&#8220;default&#8220; custom_margin=&#8220;0px||0px||true|false&#8220; custom_padding=&#8220;0px|20%|0px||false|false&#8220; custom_padding_tablet=&#8220;&#8220; custom_padding_phone=&#8220;|0%|||false|false&#8220;][et_pb_column type=&#8220;4_4&#8243; _builder_version=&#8220;4.7.1&#8243; _module_preset=&#8220;default&#8220;][et_pb_text _builder_version=&#8220;4.7.1&#8243; _module_preset=&#8220;d0b0140e-3965-40d6-b9e4-d7b1500cf5de&#8220; header_font=&#8220;Gothic A1|800|||||||&#8220; header_text_color=&#8220;#414141&#8243; header_font_size=&#8220;36px&#8220; header_2_font=&#8220;Gothic A1|800|||||||&#8220; header_2_font_size=&#8220;35px&#8220; custom_margin=&#8220;5%||||false|false&#8220; header_font_size_tablet=&#8220;&#8220; header_font_size_phone=&#8220;&#8220; header_font_size_last_edited=&#8220;on|phone&#8220; border_width_bottom=&#8220;2px&#8220; border_color_bottom=&#8220;#1a1a1a&#8220; locked=&#8220;off&#8220;]<h1>Referenz-Sektoren<\/h1>[\/et_pb_text][et_pb_text _builder_version=&#8220;4.7.1&#8243; _module_preset=&#8220;017289bc-5321-4545-873c-15857c0e3521&#8243; header_2_font=&#8220;Gothic A1|700|||||||&#8220; header_2_font_size=&#8220;25px&#8220; header_2_line_height=&#8220;1.2em&#8220; custom_margin=&#8220;||0px||false|false&#8220; custom_padding=&#8220;||||false|false&#8220; header_2_font_size_tablet=&#8220;&#8220; header_2_font_size_phone=&#8220;&#8220; header_2_font_size_last_edited=&#8220;on|desktop&#8220;]<h2>Qualit\u00e4tskomponenten f\u00fcr den Energiesektor und die Industrie<\/h2>[\/et_pb_text][\/et_pb_column][\/et_pb_row][\/et_pb_section][et_pb_section fb_built=&#8220;1&#8243; admin_label=&#8220;Storia testo&#8220; _builder_version=&#8220;4.7.1&#8243; _module_preset=&#8220;default&#8220; custom_margin=&#8220;||||false|false&#8220; custom_padding=&#8220;0px||0px||false|false&#8220; locked=&#8220;off&#8220; collapsed=&#8220;on&#8220;][et_pb_row _builder_version=&#8220;4.7.1&#8243; _module_preset=&#8220;default&#8220; custom_margin=&#8220;0px||||false|false&#8220; custom_padding=&#8220;0px||||false|false&#8220;][et_pb_column type=&#8220;4_4&#8243; _builder_version=&#8220;4.7.1&#8243; _module_preset=&#8220;default&#8220;][et_pb_text _builder_version=&#8220;4.7.1&#8243; _module_preset=&#8220;017289bc-5321-4545-873c-15857c0e3521&#8243; text_font=&#8220;Gothic A1|300|||||||&#8220; text_text_color=&#8220;#646565&#8243; text_font_size=&#8220;17px&#8220; text_line_height=&#8220;1.5em&#8220; custom_margin=&#8220;||||false|false&#8220; custom_padding=&#8220;|20px|||false|false&#8220;]<p>Die Fonderie Ariotti hat sich auf die Herstellung von hochleistungsf\u00e4higen strukturellen Komponenten spezialisiert, sowohl auf dem Gebiet des traditionellen Sph\u00e4rogusses als auch auf innovatives, austemperiertes oder ferritisches hoch siliziumhaltiges Gusseisen, ohne dabei Grauguss zu vernachl\u00e4ssigen. <strong>Unsere Produkte werden f\u00fcr Industriemaschinen und -anlagen f\u00fcr die Bereiche Energie, Werkzeugmaschinen, Pressen und Infrastruktur eingesetzt.<\/strong><\/p>\r\n<p>Wir bieten Roh- oder Fertigprodukte nach Kundenwunsch an.<\/p>[\/et_pb_text][\/et_pb_column][\/et_pb_row][\/et_pb_section][et_pb_section fb_built=&#8220;1&#8243; _builder_version=&#8220;4.7.1&#8243; _module_preset=&#8220;default&#8220; custom_margin=&#8220;10px||||false|false&#8220; custom_padding=&#8220;0px||||false|false&#8220;][et_pb_row column_structure=&#8220;1_2,1_2&#8243; _builder_version=&#8220;4.7.1&#8243; _module_preset=&#8220;default&#8220;][et_pb_column type=&#8220;1_2&#8243; _builder_version=&#8220;4.7.1&#8243; _module_preset=&#8220;default&#8220;][et_pb_text _builder_version=&#8220;4.7.1&#8243; _module_preset=&#8220;017289bc-5321-4545-873c-15857c0e3521&#8243; header_2_font=&#8220;Gothic A1|700|||||||&#8220; header_2_font_size=&#8220;25px&#8220; header_2_line_height=&#8220;1.2em&#8220; custom_margin=&#8220;||0px||false|false&#8220; custom_padding=&#8220;||||false|false&#8220; header_2_font_size_tablet=&#8220;&#8220; header_2_font_size_phone=&#8220;&#8220; header_2_font_size_last_edited=&#8220;on|desktop&#8220;]<h2>Energie, \u00d6l und Gas.<\/h2>[\/et_pb_text][et_pb_text _builder_version=&#8220;4.7.1&#8243; _module_preset=&#8220;017289bc-5321-4545-873c-15857c0e3521&#8243; text_font=&#8220;Gothic A1|300|||||||&#8220; text_text_color=&#8220;#646565&#8243; text_font_size=&#8220;17px&#8220; text_line_height=&#8220;1.5em&#8220; min_height=&#8220;75px&#8220; custom_margin=&#8220;||||false|false&#8220; custom_padding=&#8220;||||false|false&#8220;]<p>Der Energiemaschinensektor und insbesondere der Windenergie- und Wasserkraftsektor stellen unser Kerngesch\u00e4ft dar.<\/p>[\/et_pb_text][et_pb_image src=&#8220;https:\/\/www.fonderieariotti.com\/wp-content\/uploads\/2020\/11\/foundry-ariotti-Sectors-02.jpg&#8220; title_text=&#8220;foundry-ariotti-Sectors-02&#8243; _builder_version=&#8220;4.7.1&#8243; _module_preset=&#8220;default&#8220;][\/et_pb_image][\/et_pb_column][et_pb_column type=&#8220;1_2&#8243; _builder_version=&#8220;4.7.1&#8243; _module_preset=&#8220;default&#8220;][et_pb_text _builder_version=&#8220;4.7.1&#8243; _module_preset=&#8220;017289bc-5321-4545-873c-15857c0e3521&#8243; header_2_font=&#8220;Gothic A1|700|||||||&#8220; header_2_font_size=&#8220;25px&#8220; header_2_line_height=&#8220;1.2em&#8220; custom_margin=&#8220;||0px||false|false&#8220; custom_padding=&#8220;||||false|false&#8220; header_2_font_size_tablet=&#8220;&#8220; header_2_font_size_phone=&#8220;&#8220; header_2_font_size_last_edited=&#8220;on|desktop&#8220;]<h2>Infrastruktur<\/h2>[\/et_pb_text][et_pb_text _builder_version=&#8220;4.7.1&#8243; _module_preset=&#8220;017289bc-5321-4545-873c-15857c0e3521&#8243; text_font=&#8220;Gothic A1|300|||||||&#8220; text_text_color=&#8220;#646565&#8243; text_font_size=&#8220;17px&#8220; text_line_height=&#8220;1.5em&#8220; min_height=&#8220;75px&#8220; custom_margin=&#8220;||||false|false&#8220; custom_padding=&#8220;||||false|false&#8220;]<p>Wir stellen Komponenten f\u00fcr die Zerkleinerung von Mineralien, Baustoffen, f\u00fcr die Stahlindustrie, f\u00fcr Stra\u00dfen- und Tiefbauarbeiten und f\u00fcr Erdbewegungsmaschinen her.<\/p>[\/et_pb_text][et_pb_image src=&#8220;https:\/\/www.fonderieariotti.com\/wp-content\/uploads\/2020\/11\/foundry-ariotti-Sectors-03.jpg&#8220; title_text=&#8220;foundry-ariotti-Sectors-03&#8243; _builder_version=&#8220;4.7.1&#8243; _module_preset=&#8220;default&#8220;][\/et_pb_image][\/et_pb_column][\/et_pb_row][et_pb_row column_structure=&#8220;1_2,1_2&#8243; _builder_version=&#8220;4.7.1&#8243; _module_preset=&#8220;default&#8220;][et_pb_column type=&#8220;1_2&#8243; _builder_version=&#8220;4.7.1&#8243; _module_preset=&#8220;default&#8220;][et_pb_text _builder_version=&#8220;4.7.1&#8243; _module_preset=&#8220;017289bc-5321-4545-873c-15857c0e3521&#8243; header_2_font=&#8220;Gothic A1|700|||||||&#8220; header_2_font_size=&#8220;25px&#8220; header_2_line_height=&#8220;1.2em&#8220; custom_margin=&#8220;||0px||false|false&#8220; custom_padding=&#8220;||||false|false&#8220; header_2_font_size_tablet=&#8220;&#8220; header_2_font_size_phone=&#8220;&#8220; header_2_font_size_last_edited=&#8220;on|desktop&#8220;]<h2>Erdbewegung und Transport<\/h2>[\/et_pb_text][et_pb_text _builder_version=&#8220;4.7.1&#8243; _module_preset=&#8220;017289bc-5321-4545-873c-15857c0e3521&#8243; text_font=&#8220;Gothic A1|300|||||||&#8220; text_text_color=&#8220;#646565&#8243; text_font_size=&#8220;17px&#8220; text_line_height=&#8220;1.5em&#8220; min_height=&#8220;75px&#8220; custom_margin=&#8220;||||false|false&#8220; custom_padding=&#8220;||||false|false&#8220;]<p>Die verschiedensten Bereiche der Maschinenbauindustrie nutzen unser Angebot, das von Getrieben bis zu Bauger\u00e4ten, von Nahrungsmittelmaschinen bis zu Kompressoren reicht.<\/p>[\/et_pb_text][et_pb_image src=&#8220;https:\/\/www.fonderieariotti.com\/wp-content\/uploads\/2020\/11\/foundry-ariotti-Sectors-01.jpg&#8220; title_text=&#8220;foundry-ariotti-Sectors-01&#8243; _builder_version=&#8220;4.7.1&#8243; _module_preset=&#8220;default&#8220;][\/et_pb_image][\/et_pb_column][et_pb_column type=&#8220;1_2&#8243; _builder_version=&#8220;4.7.1&#8243; _module_preset=&#8220;default&#8220;][et_pb_text _builder_version=&#8220;4.7.1&#8243; _module_preset=&#8220;017289bc-5321-4545-873c-15857c0e3521&#8243; header_2_font=&#8220;Gothic A1|700|||||||&#8220; header_2_font_size=&#8220;25px&#8220; header_2_line_height=&#8220;1.2em&#8220; custom_margin=&#8220;||0px||false|false&#8220; custom_padding=&#8220;||||false|false&#8220; header_2_font_size_tablet=&#8220;&#8220; header_2_font_size_phone=&#8220;&#8220; header_2_font_size_last_edited=&#8220;on|desktop&#8220;]<h2>Werkzeugmaschinen<\/h2>[\/et_pb_text][et_pb_text _builder_version=&#8220;4.7.1&#8243; _module_preset=&#8220;017289bc-5321-4545-873c-15857c0e3521&#8243; text_font=&#8220;Gothic A1|300|||||||&#8220; text_text_color=&#8220;#646565&#8243; text_font_size=&#8220;17px&#8220; text_line_height=&#8220;1.5em&#8220; min_height=&#8220;75px&#8220; custom_margin=&#8220;||||false|false&#8220; custom_padding=&#8220;||||false|false&#8220;]<p>Ob f\u00fcr die Zerspanung oder die Umformtechnik, unsere Tradition im Bereich der Gie\u00dferei begann hier.<\/p>[\/et_pb_text][et_pb_image src=&#8220;https:\/\/www.fonderieariotti.com\/wp-content\/uploads\/2020\/11\/foundry-ariotti-Sectors-05.jpg&#8220; title_text=&#8220;foundry-ariotti-Sectors-05&#8243; _builder_version=&#8220;4.7.1&#8243; _module_preset=&#8220;default&#8220;][\/et_pb_image][\/et_pb_column][\/et_pb_row][et_pb_row _builder_version=&#8220;4.7.1&#8243; _module_preset=&#8220;default&#8220;][et_pb_column type=&#8220;4_4&#8243; _builder_version=&#8220;4.7.1&#8243; _module_preset=&#8220;default&#8220;][et_pb_text _builder_version=&#8220;4.7.1&#8243; _module_preset=&#8220;017289bc-5321-4545-873c-15857c0e3521&#8243; header_2_font=&#8220;Gothic A1|700|||||||&#8220; header_2_font_size=&#8220;25px&#8220; header_2_line_height=&#8220;1.2em&#8220; custom_margin=&#8220;||0px||false|false&#8220; custom_padding=&#8220;||||false|false&#8220; header_2_font_size_tablet=&#8220;&#8220; header_2_font_size_phone=&#8220;&#8220; header_2_font_size_last_edited=&#8220;on|desktop&#8220;]<h2>Kunststoff- oder Metall-Spritzgie\u00dfmaschinen<\/h2>[\/et_pb_text][et_pb_text _builder_version=&#8220;4.7.1&#8243; _module_preset=&#8220;017289bc-5321-4545-873c-15857c0e3521&#8243; text_font=&#8220;Gothic A1|300|||||||&#8220; text_text_color=&#8220;#646565&#8243; text_font_size=&#8220;17px&#8220; text_line_height=&#8220;1.5em&#8220; custom_margin=&#8220;||||false|false&#8220; custom_padding=&#8220;||||false|false&#8220;]<p>Wir sind eines der f\u00fchrenden europ\u00e4ischen Unternehmen in der Branche und bedienen Marktf\u00fchrer.<\/p>[\/et_pb_text][et_pb_image src=&#8220;https:\/\/www.fonderieariotti.com\/wp-content\/uploads\/2020\/11\/foundry-ariotti-Sectors-04.jpg&#8220; title_text=&#8220;foundry-ariotti-Sectors-04&#8243; force_fullwidth=&#8220;on&#8220; _builder_version=&#8220;4.7.1&#8243; _module_preset=&#8220;default&#8220;][\/et_pb_image][\/et_pb_column][\/et_pb_row][et_pb_row _builder_version=&#8220;4.7.1&#8243; _module_preset=&#8220;default&#8220; locked=&#8220;off&#8220;][et_pb_column type=&#8220;4_4&#8243; _builder_version=&#8220;4.7.1&#8243; _module_preset=&#8220;default&#8220;][et_pb_button button_url=&#8220;@ET-DC@eyJkeW5hbWljIjp0cnVlLCJjb250ZW50IjoicG9zdF9saW5rX3VybF9wYWdlIiwic2V0dGluZ3MiOnsicG9zdF9pZCI6IjE5MSJ9fQ==@&#8220; button_text=&#8220;Entdecken Sie unsere Produkte&#8220; button_alignment=&#8220;center&#8220; button_alignment_tablet=&#8220;center&#8220; button_alignment_phone=&#8220;&#8220; button_alignment_last_edited=&#8220;on|phone&#8220; _builder_version=&#8220;4.7.4&#8243; _module_preset=&#8220;default&#8220; custom_button=&#8220;on&#8220; button_text_size=&#8220;18px&#8220; button_text_color=&#8220;#f6f6f6&#8243; button_bg_color=&#8220;#414141&#8243; button_border_width=&#8220;0px&#8220; button_border_color=&#8220;rgba(0,0,0,0)&#8220; button_border_radius=&#8220;55px&#8220; custom_padding=&#8220;6px|80px|6px|80px|true|true&#8220; custom_padding_tablet=&#8220;&#8220; custom_padding_phone=&#8220;15px|40px|15px|40px|true|true&#8220; custom_padding_last_edited=&#8220;on|phone&#8220; hover_enabled=&#8220;0&#8243; button_text_size_tablet=&#8220;&#8220; button_text_size_phone=&#8220;15px&#8220; button_text_size_last_edited=&#8220;on|phone&#8220; locked=&#8220;off&#8220; _dynamic_attributes=&#8220;button_url&#8220; sticky_enabled=&#8220;0&#8243;][\/et_pb_button][\/et_pb_column][\/et_pb_row][\/et_pb_section]\n","protected":false},"excerpt":{"rendered":"<p>Referenz-SektorenQualit\u00e4tskomponenten f\u00fcr den Energiesektor und die IndustrieDie Fonderie Ariotti hat sich auf die Herstellung von hochleistungsf\u00e4higen strukturellen Komponenten spezialisiert, sowohl auf dem Gebiet des traditionellen Sph\u00e4rogusses als auch auf innovatives, austemperiertes oder ferritisches hoch siliziumhaltiges Gusseisen, ohne dabei Grauguss zu vernachl\u00e4ssigen. Unsere Produkte werden f\u00fcr Industriemaschinen und -anlagen f\u00fcr die Bereiche Energie, Werkzeugmaschinen, Pressen und Infrastruktur eingesetzt. Wir bieten Roh- oder Fertigprodukte nach Kundenwunsch an.Energie, \u00d6l und Gas.Der Energiemaschinensektor und insbesondere der Windenergie- und Wasserkraftsektor stellen unser Kerngesch\u00e4ft dar.InfrastrukturWir stellen Komponenten f\u00fcr die Zerkleinerung von Mineralien, Baustoffen, f\u00fcr die Stahlindustrie, f\u00fcr Stra\u00dfen- und Tiefbauarbeiten und f\u00fcr Erdbewegungsmaschinen her.Erdbewegung und TransportDie verschiedensten Bereiche der Maschinenbauindustrie nutzen unser Angebot, das von Getrieben bis zu Bauger\u00e4ten, von Nahrungsmittelmaschinen bis zu Kompressoren reicht.WerkzeugmaschinenOb f\u00fcr die Zerspanung oder die Umformtechnik, unsere Tradition im Bereich der Gie\u00dferei begann hier.Kunststoff- oder Metall-Spritzgie\u00dfmaschinenWir sind eines der f\u00fchrenden europ\u00e4ischen Unternehmen in der Branche und bedienen Marktf\u00fchrer.<\/p>\n","protected":false},"author":1,"featured_media":0,"parent":0,"menu_order":0,"comment_status":"closed","ping_status":"closed","template":"","meta":{"_et_pb_use_builder":"on","_et_pb_old_content":"","_et_gb_content_width":"","inline_featured_image":false,"footnotes":""},"class_list":["post-51749","page","type-page","status-publish","hentry"],"_links":{"self":[{"href":"https:\/\/www.fonderieariotti.com\/de\/wp-json\/wp\/v2\/pages\/51749","targetHints":{"allow":["GET"]}}],"collection":[{"href":"https:\/\/www.fonderieariotti.com\/de\/wp-json\/wp\/v2\/pages"}],"about":[{"href":"https:\/\/www.fonderieariotti.com\/de\/wp-json\/wp\/v2\/types\/page"}],"author":[{"embeddable":true,"href":"https:\/\/www.fonderieariotti.com\/de\/wp-json\/wp\/v2\/users\/1"}],"replies":[{"embeddable":true,"href":"https:\/\/www.fonderieariotti.com\/de\/wp-json\/wp\/v2\/comments?post=51749"}],"version-history":[{"count":3,"href":"https:\/\/www.fonderieariotti.com\/de\/wp-json\/wp\/v2\/pages\/51749\/revisions"}],"predecessor-version":[{"id":51752,"href":"https:\/\/www.fonderieariotti.com\/de\/wp-json\/wp\/v2\/pages\/51749\/revisions\/51752"}],"wp:attachment":[{"href":"https:\/\/www.fonderieariotti.com\/de\/wp-json\/wp\/v2\/media?parent=51749"}],"curies":[{"name":"wp","href":"https:\/\/api.w.org\/{rel}","templated":true}]}}